{"id":405,"date":"2018-04-03T20:58:38","date_gmt":"2018-04-03T20:58:38","guid":{"rendered":"https:\/\/www.padelen.com\/blog\/?page_id=405"},"modified":"2020-12-31T15:36:49","modified_gmt":"2020-12-31T15:36:49","slug":"torneos-de-padel","status":"publish","type":"page","link":"https:\/\/www.padelen.com\/blog\/torneos-de-padel\/","title":{"rendered":"Torneos de p\u00e1del"},"content":{"rendered":"\n<div class=\"wp-block-columns is-layout-flex wp-container-core-columns-is-layout-9d6595d7 wp-block-columns-is-layout-flex\">\n<div class=\"wp-block-column is-layout-flow wp-block-column-is-layout-flow\">\n<figure class=\"wp-block-image size-large\"><a href=\"https:\/\/www.padelen.com\/blog\/torneos-de-padel\/como-organizar-un-torneo-de-padel-epico\/\"><img loading=\"lazy\" decoding=\"async\" width=\"1024\" height=\"512\" src=\"https:\/\/www.padelen.com\/blog\/wp-content\/uploads\/2018\/03\/como-organizar-un-torneo-de-padel-epico-1024x512.jpg\" alt=\"C\u00f3mo organizar un torneo de p\u00e1del \u00e9pico\" class=\"wp-image-365\" srcset=\"https:\/\/www.padelen.com\/blog\/wp-content\/uploads\/2018\/03\/como-organizar-un-torneo-de-padel-epico.jpg 1024w, https:\/\/www.padelen.com\/blog\/wp-content\/uploads\/2018\/03\/como-organizar-un-torneo-de-padel-epico-300x150.jpg 300w, https:\/\/www.padelen.com\/blog\/wp-content\/uploads\/2018\/03\/como-organizar-un-torneo-de-padel-epico-768x384.jpg 768w\" sizes=\"auto, (max-width: 1024px) 100vw, 1024px\" \/><\/a><\/figure>\n\n\n\n<h2 class=\"has-text-align-center wp-block-heading\"><a href=\"https:\/\/www.padelen.com\/blog\/torneos-de-padel\/como-organizar-un-torneo-de-padel-epico\/\" class=\"rank-math-link\">\u00bfC\u00f3mo organizar un torneo de p\u00e1del \u00e9pico?<\/a><\/h2>\n<\/div>\n\n\n\n<div class=\"wp-block-column is-layout-flow wp-block-column-is-layout-flow\">\n<figure class=\"wp-block-image size-large\"><a href=\"https:\/\/www.padelen.com\/blog\/torneos-de-padel\/tipos-torneos-modalidades-de-competicion\/\"><img loading=\"lazy\" decoding=\"async\" width=\"1024\" height=\"512\" src=\"https:\/\/www.padelen.com\/blog\/wp-content\/uploads\/2018\/11\/formatos-competicion-padel-1024x512.png\" alt=\"Formato competiciones p\u00e1del\" class=\"wp-image-540\" srcset=\"https:\/\/www.padelen.com\/blog\/wp-content\/uploads\/2018\/11\/formatos-competicion-padel.png 1024w, https:\/\/www.padelen.com\/blog\/wp-content\/uploads\/2018\/11\/formatos-competicion-padel-300x150.png 300w, https:\/\/www.padelen.com\/blog\/wp-content\/uploads\/2018\/11\/formatos-competicion-padel-768x384.png 768w\" sizes=\"auto, (max-width: 1024px) 100vw, 1024px\" \/><\/a><\/figure>\n\n\n\n<h2 class=\"has-text-align-center wp-block-heading\"><a href=\"https:\/\/www.padelen.com\/blog\/torneos-de-padel\/tipos-torneos-modalidades-de-competicion\/\" class=\"rank-math-link\">Formatos de competici\u00f3n<\/a><\/h2>\n<\/div>\n\n\n\n<div class=\"wp-block-column is-layout-flow wp-block-column-is-layout-flow\">\n<figure class=\"wp-block-image size-large\"><img loading=\"lazy\" decoding=\"async\" width=\"1024\" height=\"512\" src=\"https:\/\/www.padelen.com\/blog\/wp-content\/uploads\/2019\/04\/niveles-de-padel-1024x512.png\" alt=\"niveles en el p\u00e1del\" class=\"wp-image-730\" srcset=\"https:\/\/www.padelen.com\/blog\/wp-content\/uploads\/2019\/04\/niveles-de-padel.png 1024w, https:\/\/www.padelen.com\/blog\/wp-content\/uploads\/2019\/04\/niveles-de-padel-300x150.png 300w, https:\/\/www.padelen.com\/blog\/wp-content\/uploads\/2019\/04\/niveles-de-padel-768x384.png 768w\" sizes=\"auto, (max-width: 1024px) 100vw, 1024px\" \/><\/figure>\n\n\n\n<h2 class=\"has-text-align-center wp-block-heading\"><a href=\"https:\/\/www.padelen.com\/blog\/padel\/niveles-juego-padel\/\" class=\"rank-math-link\">Niveles de juego<\/a><\/h2>\n<\/div>\n<\/div>\n\n\n\n<div class=\"wp-block-columns is-layout-flex wp-container-core-columns-is-layout-9d6595d7 wp-block-columns-is-layout-flex\">\n<div class=\"wp-block-column is-layout-flow wp-block-column-is-layout-flow\">\n<figure class=\"wp-block-image size-large\"><img loading=\"lazy\" decoding=\"async\" width=\"1024\" height=\"512\" src=\"https:\/\/www.padelen.com\/blog\/wp-content\/uploads\/2018\/04\/excusas-padel-1024x512.jpg\" alt=\"Las excusas tras perder al p\u00e1del\" class=\"wp-image-436\" srcset=\"https:\/\/www.padelen.com\/blog\/wp-content\/uploads\/2018\/04\/excusas-padel.jpg 1024w, https:\/\/www.padelen.com\/blog\/wp-content\/uploads\/2018\/04\/excusas-padel-300x150.jpg 300w, https:\/\/www.padelen.com\/blog\/wp-content\/uploads\/2018\/04\/excusas-padel-768x384.jpg 768w\" sizes=\"auto, (max-width: 1024px) 100vw, 1024px\" \/><\/figure>\n\n\n\n<h2 class=\"has-text-align-center wp-block-heading\"><a href=\"https:\/\/www.padelen.com\/blog\/jugar-al-padel\/las-excusas-en-el-padel-tras-perder\/\" class=\"rank-math-link\">Excusas tras perder<\/a><\/h2>\n<\/div>\n\n\n\n<div class=\"wp-block-column is-layout-flow wp-block-column-is-layout-flow\"><\/div>\n\n\n\n<div class=\"wp-block-column is-layout-flow wp-block-column-is-layout-flow\"><\/div>\n<\/div>\n","protected":false},"excerpt":{"rendered":"<p>\u00bfC\u00f3mo organizar un torneo de p\u00e1del \u00e9pico? Formatos de competici\u00f3n Niveles de juego Excusas tras perder<\/p>\n","protected":false},"author":1,"featured_media":0,"parent":0,"menu_order":0,"comment_status":"closed","ping_status":"closed","template":"","meta":{"footnotes":""},"class_list":["post-405","page","type-page","status-publish","hentry"],"_links":{"self":[{"href":"https:\/\/www.padelen.com\/blog\/wp-json\/wp\/v2\/pages\/405","targetHints":{"allow":["GET"]}}],"collection":[{"href":"https:\/\/www.padelen.com\/blog\/wp-json\/wp\/v2\/pages"}],"about":[{"href":"https:\/\/www.padelen.com\/blog\/wp-json\/wp\/v2\/types\/page"}],"author":[{"embeddable":true,"href":"https:\/\/www.padelen.com\/blog\/wp-json\/wp\/v2\/users\/1"}],"replies":[{"embeddable":true,"href":"https:\/\/www.padelen.com\/blog\/wp-json\/wp\/v2\/comments?post=405"}],"version-history":[{"count":14,"href":"https:\/\/www.padelen.com\/blog\/wp-json\/wp\/v2\/pages\/405\/revisions"}],"predecessor-version":[{"id":1127,"href":"https:\/\/www.padelen.com\/blog\/wp-json\/wp\/v2\/pages\/405\/revisions\/1127"}],"wp:attachment":[{"href":"https:\/\/www.padelen.com\/blog\/wp-json\/wp\/v2\/media?parent=405"}],"curies":[{"name":"wp","href":"https:\/\/api.w.org\/{rel}","templated":true}]}}