{"id":810,"date":"2019-08-31T22:39:34","date_gmt":"2019-08-31T22:39:34","guid":{"rendered":"https:\/\/www.padelen.com\/blog\/?page_id=810"},"modified":"2023-10-12T18:45:19","modified_gmt":"2023-10-12T18:45:19","slug":"padel-barcelona","status":"publish","type":"page","link":"https:\/\/www.padelen.com\/blog\/padel-barcelona\/","title":{"rendered":"P\u00e1del Barcelona"},"content":{"rendered":"\n\n\n\n\n<h2 class=\"wp-block-heading\">Jugar al p\u00e1del en Barcelona<\/h2>\n\n\n\n<p>Si eres de Barcelona o alrededores, te ha picado el gusanillo del p\u00e1del y te has animado a coger la pala, pero no sabes donde puedes practicarlo no te preocupes. Barcelona cuenta con amplia oferta de pistas de p\u00e1del: clubs de p\u00e1del, polideportivos p\u00fablicos, urbanizaciones y hoteles. Todo tipo de instalaciones deportivas en las que poder reservar pista seas o no seas socio. <\/p>\n\n\n\n<p>Alquilar pista de p\u00e1del en Barcelona ya no ser\u00e1 un inconveniente para disfrutar de este deporte, puedes encontrar desde los clubes m\u00e1s exclusivos hasta las pistas de p\u00e1del m\u00e1s baratas.<\/p>\n\n\n\n<p>Te ofrecemos una selecci\u00f3n de pistas d\u00f3nde jugar al p\u00e1del en Barcelona.<\/p>\n\n\n\n<div class=\"wp-block-columns has-2-columns is-layout-flex wp-container-core-columns-is-layout-9d6595d7 wp-block-columns-is-layout-flex\">\n<div class=\"wp-block-column is-layout-flow wp-block-column-is-layout-flow\">\n<h3 class=\"wp-block-heading\"><a href=\"https:\/\/www.padelen.com\/pistas-de-padel\/barcelona\/prat-de-llobregat\/padel-barcelona-el-prat\" target=\"_blank\" rel=\"noreferrer noopener\" aria-label=\"P\u00e1del Barcelona - El Prat (abre en una nueva pesta\u00f1a)\">P\u00e1del Barcelona &#8211; El Prat<\/a><\/h3>\n\n\n\n<p>Centro deportivo de p\u00e1del que ofrece con un total de 14 pistas de p\u00e1del acristaladas con c\u00e9sped artificial:  10 descubiertas y 4 cubiertas. Adem\u00e1s el club cuenta con gimnasio con m\u00e1quinas cardiovasculares y de musculaci\u00f3n, piscina, zona chill-out para relajarte, tienda especializada,  restaurante. Tambi\u00e9n pone a tu disposici\u00f3n aparcamiento gratuito y WiFi. A las fant\u00e1sticas instalaciones cabe destacar el excelente ambiente social. <\/p>\n\n\n\n<p>El club se situa en un entorno privilegiado con gran facilidad de acceso desde Barcelona, Zona Franca, el Prat de Llobregat, Viladecans, Hospitalet, Cornella, Gav\u00e0 y Castelldefels.<\/p>\n<\/div>\n\n\n\n<div class=\"wp-block-column is-layout-flow wp-block-column-is-layout-flow\">\n<figure class=\"wp-block-image\"><img loading=\"lazy\" decoding=\"async\" width=\"1024\" height=\"768\" src=\"https:\/\/www.padelen.com\/blog\/wp-content\/uploads\/2019\/09\/padel-barcelona-el-prat-el-prat-de-llobregat-barcelona-1024x768.jpg\" alt=\"\" class=\"wp-image-823\" srcset=\"https:\/\/www.padelen.com\/blog\/wp-content\/uploads\/2019\/09\/padel-barcelona-el-prat-el-prat-de-llobregat-barcelona-1024x768.jpg 1024w, https:\/\/www.padelen.com\/blog\/wp-content\/uploads\/2019\/09\/padel-barcelona-el-prat-el-prat-de-llobregat-barcelona-300x225.jpg 300w, https:\/\/www.padelen.com\/blog\/wp-content\/uploads\/2019\/09\/padel-barcelona-el-prat-el-prat-de-llobregat-barcelona-768x576.jpg 768w, https:\/\/www.padelen.com\/blog\/wp-content\/uploads\/2019\/09\/padel-barcelona-el-prat-el-prat-de-llobregat-barcelona.jpg 1200w\" sizes=\"auto, (max-width: 1024px) 100vw, 1024px\" \/><figcaption class=\"wp-element-caption\">Pistas de P\u00e1del Barcelona El Prat desde 6,75\u20ac\/1,5h <em>(no abonados en turno de ma\u00f1ana)<\/em> <\/figcaption><\/figure>\n<\/div>\n<\/div>\n\n\n\n<div class=\"wp-block-columns has-2-columns is-layout-flex wp-container-core-columns-is-layout-9d6595d7 wp-block-columns-is-layout-flex\">\n<div class=\"wp-block-column is-layout-flow wp-block-column-is-layout-flow\">\n<figure class=\"wp-block-image\"><img loading=\"lazy\" decoding=\"async\" width=\"907\" height=\"680\" src=\"https:\/\/www.padelen.com\/blog\/wp-content\/uploads\/2019\/09\/fair-play-padel-barcelona.jpg\" alt=\"\" class=\"wp-image-834\" srcset=\"https:\/\/www.padelen.com\/blog\/wp-content\/uploads\/2019\/09\/fair-play-padel-barcelona.jpg 907w, https:\/\/www.padelen.com\/blog\/wp-content\/uploads\/2019\/09\/fair-play-padel-barcelona-300x225.jpg 300w, https:\/\/www.padelen.com\/blog\/wp-content\/uploads\/2019\/09\/fair-play-padel-barcelona-768x576.jpg 768w\" sizes=\"auto, (max-width: 907px) 100vw, 907px\" \/><figcaption class=\"wp-element-caption\">Pistas de P\u00e1del Fairplay Padel Club desde 4,5\u20ac\/1h <em>(L-V en turno de ma\u00f1ana)<\/em> <\/figcaption><\/figure>\n<\/div>\n\n\n\n<div class=\"wp-block-column is-layout-flow wp-block-column-is-layout-flow\">\n<h3 class=\"wp-block-heading\"><a href=\"https:\/\/www.padelen.com\/pistas-de-padel\/barcelona\/barcelona\/fairplay-padel\" target=\"_blank\" rel=\"noreferrer noopener\" aria-label=\"Fairplay P\u00e1del Club (abre en una nueva pesta\u00f1a)\">Fairplay P\u00e1del Club<\/a><\/h3>\n\n\n\n<p>El centro Fairplay P\u00e1del Club cuenta con 8 pistas de p\u00e1del cristal exteriores. <\/p>\n\n\n\n<p>El club organiza regularmente torneos de p\u00e1del y acoge eventos empresariales. Destacar su escuela de p\u00e1del, el equipo t\u00e9cnico llevar\u00e1 al m\u00e1ximo nivel tu p\u00e1del.<\/p>\n\n\n\n<p>Se encuentra situado justo detr\u00e1s de la Fira Gran V\u00eda con muchas opciones para aparcar si te desplazas en coche.<\/p>\n<\/div>\n<\/div>\n\n\n\n<div class=\"wp-block-columns has-2-columns is-layout-flex wp-container-core-columns-is-layout-9d6595d7 wp-block-columns-is-layout-flex\">\n<div class=\"wp-block-column is-layout-flow wp-block-column-is-layout-flow\">\n<figure class=\"wp-block-image\"><img loading=\"lazy\" decoding=\"async\" width=\"1024\" height=\"507\" src=\"https:\/\/www.padelen.com\/blog\/wp-content\/uploads\/2019\/09\/club-esportiu-vallparc-barcelona-barcelona-1024x507.jpg\" alt=\"\" class=\"wp-image-840\" srcset=\"https:\/\/www.padelen.com\/blog\/wp-content\/uploads\/2019\/09\/club-esportiu-vallparc-barcelona-barcelona-1024x507.jpg 1024w, https:\/\/www.padelen.com\/blog\/wp-content\/uploads\/2019\/09\/club-esportiu-vallparc-barcelona-barcelona-300x148.jpg 300w, https:\/\/www.padelen.com\/blog\/wp-content\/uploads\/2019\/09\/club-esportiu-vallparc-barcelona-barcelona-768x380.jpg 768w\" sizes=\"auto, (max-width: 1024px) 100vw, 1024px\" \/><\/figure>\n<\/div>\n\n\n\n<div class=\"wp-block-column is-layout-flow wp-block-column-is-layout-flow\">\n<h3 class=\"wp-block-heading\"><a href=\"https:\/\/www.padelen.com\/pistas-de-padel\/barcelona\/barcelona\/Club-de-Tenis-Vall-Parc-Oci\" target=\"_blank\" rel=\"noreferrer noopener\" aria-label=\"Club Esportiu Vall Parc (abre en una nueva pesta\u00f1a)\">Club Esportiu Vall Parc<\/a><\/h3>\n\n\n\n<p>El club Vallparc ofrece m\u00e1s de 30.000 m2 dedicados al deporte. Cuenta con 11 pistas de p\u00e1del (4 indoor), 11 pistas de tenis, amplio gimnasio de 200m2, squash, piscina exterior y frontones.<\/p>\n\n\n\n<p>Puedes disfrutar de clases de p\u00e1del para todas las edades, competiciones por equipos y torneos.<\/p>\n\n\n\n<p>Se encuentra en un entorno natural \u00fanico.<\/p>\n<\/div>\n<\/div>\n\n\n\n<div class=\"wp-block-columns has-2-columns is-layout-flex wp-container-core-columns-is-layout-9d6595d7 wp-block-columns-is-layout-flex\">\n<div class=\"wp-block-column is-layout-flow wp-block-column-is-layout-flow\">\n<h3 class=\"wp-block-heading\"><a href=\"https:\/\/www.padelen.com\/pistas-de-padel\/barcelona\/barcelona\/David-Lloyd-Club-Turo\" target=\"_blank\" rel=\"noreferrer noopener\" aria-label=\"David Lloyd Club Tur\u00f3 (abre en una nueva pesta\u00f1a)\">David Lloyd Club Tur\u00f3<\/a><\/h3>\n\n\n\n<p>Es uno de los clubs deportivos m\u00e1s exclusivos de Barcelona. Su oferta deportiva no se limita al p\u00e1del cuenta con 12 pistas de p\u00e1del exteriores, 12 pistas de tenis, piscinas interiores y exteriores, gimnasio y zona de aguas.<\/p>\n\n\n\n<p>Entre sus servicios destacan: su restaurante con terraza, cursos intensivos de verano, actividades dirigidas, y asesoramiento en nutrici\u00f3n. Adem\u00e1s durante todo el a\u00f1o se celebran numerosas actividades sociales.<\/p>\n\n\n\n<p>Se encuentra situado en la Avenida Diagonal con aparcamiento interior gratuito. <\/p>\n<\/div>\n\n\n\n<div class=\"wp-block-column is-layout-flow wp-block-column-is-layout-flow\">\n<figure class=\"wp-block-image\"><img loading=\"lazy\" decoding=\"async\" width=\"678\" height=\"380\" src=\"https:\/\/www.padelen.com\/blog\/wp-content\/uploads\/2019\/09\/david-lloyd-club-turo-barcelona-barcelona.jpg\" alt=\"\" class=\"wp-image-837\" srcset=\"https:\/\/www.padelen.com\/blog\/wp-content\/uploads\/2019\/09\/david-lloyd-club-turo-barcelona-barcelona.jpg 678w, https:\/\/www.padelen.com\/blog\/wp-content\/uploads\/2019\/09\/david-lloyd-club-turo-barcelona-barcelona-300x168.jpg 300w\" sizes=\"auto, (max-width: 678px) 100vw, 678px\" \/><\/figure>\n<\/div>\n<\/div>\n\n\n\n<div class=\"wp-block-columns has-2-columns is-layout-flex wp-container-core-columns-is-layout-9d6595d7 wp-block-columns-is-layout-flex\">\n<div class=\"wp-block-column is-layout-flow wp-block-column-is-layout-flow\">\n<h3 class=\"wp-block-heading\"><a href=\"https:\/\/www.padelen.com\/pistas-de-padel\/barcelona\/barcelona\/club-esportiu-laieta\">Club Esportiu Laiet\u00e0<\/a><\/h3>\n\n\n\n<p>Club con historia en la ciudad condal y una larga experiencia en el mundo deportivo. Las instalaciones del club se extienden por su m\u00e1s de 22.000m2: 13 pistas de p\u00e1del, 15 pistas de tenis, piscina, campo de f\u00fatbol,  pista polideportiva cubierta y salas de actividades dirigidas.<\/p>\n\n\n\n<p> <\/p>\n<\/div>\n\n\n\n<div class=\"wp-block-column is-layout-flow wp-block-column-is-layout-flow\">\n<figure class=\"wp-block-image\"><img loading=\"lazy\" decoding=\"async\" width=\"799\" height=\"533\" src=\"https:\/\/www.padelen.com\/blog\/wp-content\/uploads\/2019\/09\/club-esportiu-laieta-barcelona-barcelona.jpg\" alt=\"\" class=\"wp-image-847\" srcset=\"https:\/\/www.padelen.com\/blog\/wp-content\/uploads\/2019\/09\/club-esportiu-laieta-barcelona-barcelona.jpg 799w, https:\/\/www.padelen.com\/blog\/wp-content\/uploads\/2019\/09\/club-esportiu-laieta-barcelona-barcelona-300x200.jpg 300w, https:\/\/www.padelen.com\/blog\/wp-content\/uploads\/2019\/09\/club-esportiu-laieta-barcelona-barcelona-768x512.jpg 768w\" sizes=\"auto, (max-width: 799px) 100vw, 799px\" \/><\/figure>\n<\/div>\n<\/div>\n\n\n\n<h2 class=\"wp-block-heading\">Clases de p\u00e1del en Barcelona<\/h2>\n\n\n\n<p>Ahora que ya tienes claro por qu\u00e9 el p\u00e1del tiene tantos adeptos y quieres tomar unas clases de p\u00e1del para aprender a jugar o seguir mejorando, te ayudamos a encontrar escuelas de p\u00e1del en Barcelona.<\/p>\n\n\n\n<h2 class=\"wp-block-heading\">Torneos de p\u00e1del en Barcelona<\/h2>\n\n\n\n<p>El amplio cat\u00e1logo de clubes de p\u00e1del hace posible que practicamente todas las semanas podamos participar en alguna competici\u00f3n. Las americanas de p\u00e1del en Barcelona son todo un cl\u00e1sico durante los fines de semana. Tambi\u00e9n puedes encontrar, en la mayor\u00eda de clubes, ligas de p\u00e1del que se disputan durante todo el a\u00f1o y te aseguran un partido semanal.<\/p>\n\n\n\n<p><!--\n<p>\/\/www.salir.com\/donde-jugar-al-padel-en-barcelona-art-1238.html<br>\/\/www.timeout.es\/barcelona\/es\/deportes\/paddle-en-barcelona<br>\/\/www.shbarcelona.es\/blog\/es\/pista-padel-barata\/<br>\/\/jeangalea.com\/es\/donde-jugar-padel-barcelona\/<\/p>\n--><\/p>\n","protected":false},"excerpt":{"rendered":"<p>Jugar al p\u00e1del en Barcelona Si eres de Barcelona o alrededores, te ha picado el gusanillo del p\u00e1del y te has animado a coger la pala, pero no sabes donde puedes practicarlo no te preocupes. Barcelona cuenta con amplia oferta de pistas de p\u00e1del: clubs de p\u00e1del, polideportivos p\u00fablicos, urbanizaciones y hoteles. Todo tipo de instalaciones deportivas en las que poder reservar pista seas o no seas socio. Alquilar pista de p\u00e1del en Barcelona ya no ser\u00e1 un inconveniente para disfrutar de este deporte, puedes encontrar desde los clubes m\u00e1s exclusivos hasta las pistas de p\u00e1del m\u00e1s baratas. Te ofrecemos <\/p>\n","protected":false},"author":1,"featured_media":0,"parent":0,"menu_order":0,"comment_status":"closed","ping_status":"closed","template":"","meta":{"footnotes":""},"class_list":["post-810","page","type-page","status-publish","hentry"],"_links":{"self":[{"href":"https:\/\/www.padelen.com\/blog\/wp-json\/wp\/v2\/pages\/810","targetHints":{"allow":["GET"]}}],"collection":[{"href":"https:\/\/www.padelen.com\/blog\/wp-json\/wp\/v2\/pages"}],"about":[{"href":"https:\/\/www.padelen.com\/blog\/wp-json\/wp\/v2\/types\/page"}],"author":[{"embeddable":true,"href":"https:\/\/www.padelen.com\/blog\/wp-json\/wp\/v2\/users\/1"}],"replies":[{"embeddable":true,"href":"https:\/\/www.padelen.com\/blog\/wp-json\/wp\/v2\/comments?post=810"}],"version-history":[{"count":27,"href":"https:\/\/www.padelen.com\/blog\/wp-json\/wp\/v2\/pages\/810\/revisions"}],"predecessor-version":[{"id":1518,"href":"https:\/\/www.padelen.com\/blog\/wp-json\/wp\/v2\/pages\/810\/revisions\/1518"}],"wp:attachment":[{"href":"https:\/\/www.padelen.com\/blog\/wp-json\/wp\/v2\/media?parent=810"}],"curies":[{"name":"wp","href":"https:\/\/api.w.org\/{rel}","templated":true}]}}